{"id":7,"date":"2012-12-04T18:05:42","date_gmt":"2012-12-04T18:05:42","guid":{"rendered":"http:\/\/modernist.umbrella.al\/?page_id=7"},"modified":"2021-05-07T10:30:25","modified_gmt":"2021-05-07T10:30:25","slug":"7-2","status":"publish","type":"page","link":"http:\/\/www.arybe.es\/?page_id=7","title":{"rendered":"Nosotros"},"content":{"rendered":"<p style=\"text-align: justify;\">Constituida en el a\u00f1o 2.002 por un equipo joven y din\u00e1mico, heredero de una larga tradici\u00f3n con la arquitectura, lo que nos da una amplia capacidad para responder a las necesidades cambiantes del mercado y de la construcci\u00f3n en particular, as\u00ed como adaptarse a todo tipo de clientes con la idea de asesorar a estos sobre las mejores soluciones de cara al proyecto que deseen emprender.<\/p>\n<p style=\"text-align: justify;\">Para ello contamos con una experiencia profesional en esta nueva etapa de m\u00e1s de 15 a\u00f1os con maestros que han atesorado a sus espaldas m\u00e1s de 40 a\u00f1os.<\/p>\n<p style=\"text-align: justify;\"><span style=\"line-height: 1.5em;\">Dentro de nuestro \u00e1mbito de actuaci\u00f3n est\u00e1n las edificaciones de viviendas unifamiliares, la de edificios de viviendas, acondicionamiento de locales, rehabilitaciones, naves ganaderas e industriales, parcelaciones y segregaciones, levantamientos topogr\u00e1ficos legalizaciones, informes, peritajes, valoraciones, fichas t\u00e9cnicas, asesoramiento en peque\u00f1as reformas y cualquier actividad relacionadas con la construcci\u00f3n.<\/span><\/p>\n<p style=\"text-align: justify;\">Cuidamos en todo momento al cliente: planteamiento del proyecto y definiendo en el papel las ideas del promotor hasta llegar a la soluci\u00f3n final que cumpla con sus requisitos funcionales, est\u00e9ticos y econ\u00f3micos, prestando especial atenci\u00f3n a las soluciones constructivas que traten de conseguir un m\u00e1ximo de eficiencia energ\u00e9tica y dentro de sus par\u00e1metros el obtener una calificaci\u00f3n energ\u00e9tica lo mas alta posible.<\/p>\n","protected":false},"excerpt":{"rendered":"<p>Constituida en el a\u00f1o 2.002 por un equipo joven y din\u00e1mico, heredero de una larga tradici\u00f3n con la arquitectura, lo que nos da una amplia capacidad para responder a las necesidades cambiantes del mercado y de la construcci\u00f3n en particular, as\u00ed como adaptarse a todo tipo de clientes con la idea de asesorar a estos [&hellip;]<\/p>\n","protected":false},"author":1,"featured_media":0,"parent":0,"menu_order":0,"comment_status":"open","ping_status":"open","template":"template-about.php","meta":[],"_links":{"self":[{"href":"http:\/\/www.arybe.es\/index.php?rest_route=\/wp\/v2\/pages\/7"}],"collection":[{"href":"http:\/\/www.arybe.es\/index.php?rest_route=\/wp\/v2\/pages"}],"about":[{"href":"http:\/\/www.arybe.es\/index.php?rest_route=\/wp\/v2\/types\/page"}],"author":[{"embeddable":true,"href":"http:\/\/www.arybe.es\/index.php?rest_route=\/wp\/v2\/users\/1"}],"replies":[{"embeddable":true,"href":"http:\/\/www.arybe.es\/index.php?rest_route=%2Fwp%2Fv2%2Fcomments&post=7"}],"version-history":[{"count":6,"href":"http:\/\/www.arybe.es\/index.php?rest_route=\/wp\/v2\/pages\/7\/revisions"}],"predecessor-version":[{"id":292,"href":"http:\/\/www.arybe.es\/index.php?rest_route=\/wp\/v2\/pages\/7\/revisions\/292"}],"wp:attachment":[{"href":"http:\/\/www.arybe.es\/index.php?rest_route=%2Fwp%2Fv2%2Fmedia&parent=7"}],"curies":[{"name":"wp","href":"https:\/\/api.w.org\/{rel}","templated":true}]}}